{"id":29,"date":"2025-05-19T21:38:18","date_gmt":"2025-05-19T19:38:18","guid":{"rendered":"https:\/\/kapitel2-zeitschrift.ddnss.de\/wordpress\/?page_id=29"},"modified":"2025-06-09T15:56:41","modified_gmt":"2025-06-09T13:56:41","slug":"ausschreibung","status":"publish","type":"page","link":"https:\/\/kapitelzwei-zeitschrift.de\/homepage\/ausschreibung\/","title":{"rendered":"Ausschreibung"},"content":{"rendered":"\n<p><em><strong>kapitelzwei <\/strong><\/em>ruft einmal im Jahr zu einer themengebundenen Ausschreibung auf, f\u00fcr die wir sowohl Texte jeder Art als auch k\u00fcnstlerische Beitr\u00e4ge f\u00fcr die Gestaltung der jeweiligen Ausgabe suchen.<\/p>\n\n\n\n<p>Die genauen Einreichungskriterien findet ihr unter der jeweiligen aktuellen Ausschreibung.<\/p>\n\n\n\n<hr class=\"wp-block-separator has-alpha-channel-opacity\"\/>\n\n\n\n\n\n\n\n\n\n\n\n\n\n <\/p>\n<p style=\"text-align: center;\">Die Einreichungsfrist ist abgelaufen.<\/p>\n<p style=\"text-align: center;\">Unsere n&auml;chste Ausschreibung wird bald hier bekanntgegeben.<\/p>\n<p>\n\n\n\n\n<hr class=\"wp-block-separator has-alpha-channel-opacity\"\/>\n","protected":false},"excerpt":{"rendered":"<p>kapitelzwei ruft einmal im Jahr zu einer themengebundenen Ausschreibung auf, f\u00fcr die wir sowohl Texte jeder Art als auch k\u00fcnstlerische Beitr\u00e4ge f\u00fcr die Gestaltung der jeweiligen Ausgabe suchen. Die genauen Einreichungskriterien findet ihr unter der jeweiligen aktuellen Ausschreibung.<\/p>\n","protected":false},"author":3,"featured_media":0,"parent":0,"menu_order":0,"comment_status":"closed","ping_status":"closed","template":"","meta":{"footnotes":""},"class_list":["post-29","page","type-page","status-publish","hentry"],"yoast_head":"<!-- This site is optimized with the Yoast SEO plugin v27.3 - https:\/\/yoast.com\/product\/yoast-seo-wordpress\/ -->\n<title>Ausschreibung - kapitelzwei<\/title>\n<meta name=\"description\" content=\"kapitelzwei ruft einmal im Jahr via thematischer Ausschreibung zur Einreichung auf und wir sind offen f\u00fcr Texte jeder Art (Prosa \/ Lyrik ...\" \/>\n<meta name=\"robots\" content=\"index, follow, max-snippet:-1, max-image-preview:large, max-video-preview:-1\" \/>\n<link rel=\"canonical\" href=\"https:\/\/kapitelzwei-zeitschrift.de\/homepage\/ausschreibung\/\" \/>\n<meta property=\"og:locale\" content=\"de_DE\" \/>\n<meta property=\"og:type\" content=\"article\" \/>\n<meta property=\"og:title\" content=\"Ausschreibung - kapitelzwei\" \/>\n<meta property=\"og:description\" content=\"kapitelzwei ruft einmal im Jahr via thematischer Ausschreibung zur Einreichung auf und wir sind offen f\u00fcr Texte jeder Art (Prosa \/ Lyrik ...\" \/>\n<meta property=\"og:url\" content=\"https:\/\/kapitelzwei-zeitschrift.de\/homepage\/ausschreibung\/\" \/>\n<meta property=\"og:site_name\" content=\"kapitelzwei\" \/>\n<meta property=\"article:modified_time\" content=\"2025-06-09T13:56:41+00:00\" \/>\n<meta name=\"twitter:card\" content=\"summary_large_image\" \/>\n<meta name=\"twitter:label1\" content=\"Gesch\u00e4tzte Lesezeit\" \/>\n\t<meta name=\"twitter:data1\" content=\"2\u00a0Minuten\" \/>\n<script type=\"application\/ld+json\" class=\"yoast-schema-graph\">{\"@context\":\"https:\\\/\\\/schema.org\",\"@graph\":[{\"@type\":\"WebPage\",\"@id\":\"https:\\\/\\\/kapitelzwei-zeitschrift.de\\\/homepage\\\/ausschreibung\\\/\",\"url\":\"https:\\\/\\\/kapitelzwei-zeitschrift.de\\\/homepage\\\/ausschreibung\\\/\",\"name\":\"Ausschreibung - kapitelzwei\",\"isPartOf\":{\"@id\":\"https:\\\/\\\/kapitelzwei-zeitschrift.de\\\/homepage\\\/#website\"},\"datePublished\":\"2025-05-19T19:38:18+00:00\",\"dateModified\":\"2025-06-09T13:56:41+00:00\",\"description\":\"kapitelzwei ruft einmal im Jahr via thematischer Ausschreibung zur Einreichung auf und wir sind offen f\u00fcr Texte jeder Art (Prosa \\\/ Lyrik ...\",\"breadcrumb\":{\"@id\":\"https:\\\/\\\/kapitelzwei-zeitschrift.de\\\/homepage\\\/ausschreibung\\\/#breadcrumb\"},\"inLanguage\":\"de\",\"potentialAction\":[{\"@type\":\"ReadAction\",\"target\":[\"https:\\\/\\\/kapitelzwei-zeitschrift.de\\\/homepage\\\/ausschreibung\\\/\"]}]},{\"@type\":\"BreadcrumbList\",\"@id\":\"https:\\\/\\\/kapitelzwei-zeitschrift.de\\\/homepage\\\/ausschreibung\\\/#breadcrumb\",\"itemListElement\":[{\"@type\":\"ListItem\",\"position\":1,\"name\":\"Startseite\",\"item\":\"https:\\\/\\\/kapitelzwei-zeitschrift.de\\\/homepage\\\/\"},{\"@type\":\"ListItem\",\"position\":2,\"name\":\"Ausschreibung\"}]},{\"@type\":\"WebSite\",\"@id\":\"https:\\\/\\\/kapitelzwei-zeitschrift.de\\\/homepage\\\/#website\",\"url\":\"https:\\\/\\\/kapitelzwei-zeitschrift.de\\\/homepage\\\/\",\"name\":\"kapitelzwei\",\"description\":\"Zeitschrift f\u00fcr neue Literatur\",\"publisher\":{\"@id\":\"https:\\\/\\\/kapitelzwei-zeitschrift.de\\\/homepage\\\/#organization\"},\"potentialAction\":[{\"@type\":\"SearchAction\",\"target\":{\"@type\":\"EntryPoint\",\"urlTemplate\":\"https:\\\/\\\/kapitelzwei-zeitschrift.de\\\/homepage\\\/?s={search_term_string}\"},\"query-input\":{\"@type\":\"PropertyValueSpecification\",\"valueRequired\":true,\"valueName\":\"search_term_string\"}}],\"inLanguage\":\"de\"},{\"@type\":\"Organization\",\"@id\":\"https:\\\/\\\/kapitelzwei-zeitschrift.de\\\/homepage\\\/#organization\",\"name\":\"kapitelzwei\",\"url\":\"https:\\\/\\\/kapitelzwei-zeitschrift.de\\\/homepage\\\/\",\"logo\":{\"@type\":\"ImageObject\",\"inLanguage\":\"de\",\"@id\":\"https:\\\/\\\/kapitelzwei-zeitschrift.de\\\/homepage\\\/#\\\/schema\\\/logo\\\/image\\\/\",\"url\":\"https:\\\/\\\/kapitelzwei-zeitschrift.de\\\/homepage\\\/wp-content\\\/uploads\\\/2025\\\/05\\\/kapitelzwei-logo-1920.png\",\"contentUrl\":\"https:\\\/\\\/kapitelzwei-zeitschrift.de\\\/homepage\\\/wp-content\\\/uploads\\\/2025\\\/05\\\/kapitelzwei-logo-1920.png\",\"width\":1920,\"height\":402,\"caption\":\"kapitelzwei\"},\"image\":{\"@id\":\"https:\\\/\\\/kapitelzwei-zeitschrift.de\\\/homepage\\\/#\\\/schema\\\/logo\\\/image\\\/\"}}]}<\/script>\n<!-- \/ Yoast SEO plugin. -->","yoast_head_json":{"title":"Ausschreibung - kapitelzwei","description":"kapitelzwei ruft einmal im Jahr via thematischer Ausschreibung zur Einreichung auf und wir sind offen f\u00fcr Texte jeder Art (Prosa \/ Lyrik ...","robots":{"index":"index","follow":"follow","max-snippet":"max-snippet:-1","max-image-preview":"max-image-preview:large","max-video-preview":"max-video-preview:-1"},"canonical":"https:\/\/kapitelzwei-zeitschrift.de\/homepage\/ausschreibung\/","og_locale":"de_DE","og_type":"article","og_title":"Ausschreibung - kapitelzwei","og_description":"kapitelzwei ruft einmal im Jahr via thematischer Ausschreibung zur Einreichung auf und wir sind offen f\u00fcr Texte jeder Art (Prosa \/ Lyrik ...","og_url":"https:\/\/kapitelzwei-zeitschrift.de\/homepage\/ausschreibung\/","og_site_name":"kapitelzwei","article_modified_time":"2025-06-09T13:56:41+00:00","twitter_card":"summary_large_image","twitter_misc":{"Gesch\u00e4tzte Lesezeit":"2\u00a0Minuten"},"schema":{"@context":"https:\/\/schema.org","@graph":[{"@type":"WebPage","@id":"https:\/\/kapitelzwei-zeitschrift.de\/homepage\/ausschreibung\/","url":"https:\/\/kapitelzwei-zeitschrift.de\/homepage\/ausschreibung\/","name":"Ausschreibung - kapitelzwei","isPartOf":{"@id":"https:\/\/kapitelzwei-zeitschrift.de\/homepage\/#website"},"datePublished":"2025-05-19T19:38:18+00:00","dateModified":"2025-06-09T13:56:41+00:00","description":"kapitelzwei ruft einmal im Jahr via thematischer Ausschreibung zur Einreichung auf und wir sind offen f\u00fcr Texte jeder Art (Prosa \/ Lyrik ...","breadcrumb":{"@id":"https:\/\/kapitelzwei-zeitschrift.de\/homepage\/ausschreibung\/#breadcrumb"},"inLanguage":"de","potentialAction":[{"@type":"ReadAction","target":["https:\/\/kapitelzwei-zeitschrift.de\/homepage\/ausschreibung\/"]}]},{"@type":"BreadcrumbList","@id":"https:\/\/kapitelzwei-zeitschrift.de\/homepage\/ausschreibung\/#breadcrumb","itemListElement":[{"@type":"ListItem","position":1,"name":"Startseite","item":"https:\/\/kapitelzwei-zeitschrift.de\/homepage\/"},{"@type":"ListItem","position":2,"name":"Ausschreibung"}]},{"@type":"WebSite","@id":"https:\/\/kapitelzwei-zeitschrift.de\/homepage\/#website","url":"https:\/\/kapitelzwei-zeitschrift.de\/homepage\/","name":"kapitelzwei","description":"Zeitschrift f\u00fcr neue Literatur","publisher":{"@id":"https:\/\/kapitelzwei-zeitschrift.de\/homepage\/#organization"},"potentialAction":[{"@type":"SearchAction","target":{"@type":"EntryPoint","urlTemplate":"https:\/\/kapitelzwei-zeitschrift.de\/homepage\/?s={search_term_string}"},"query-input":{"@type":"PropertyValueSpecification","valueRequired":true,"valueName":"search_term_string"}}],"inLanguage":"de"},{"@type":"Organization","@id":"https:\/\/kapitelzwei-zeitschrift.de\/homepage\/#organization","name":"kapitelzwei","url":"https:\/\/kapitelzwei-zeitschrift.de\/homepage\/","logo":{"@type":"ImageObject","inLanguage":"de","@id":"https:\/\/kapitelzwei-zeitschrift.de\/homepage\/#\/schema\/logo\/image\/","url":"https:\/\/kapitelzwei-zeitschrift.de\/homepage\/wp-content\/uploads\/2025\/05\/kapitelzwei-logo-1920.png","contentUrl":"https:\/\/kapitelzwei-zeitschrift.de\/homepage\/wp-content\/uploads\/2025\/05\/kapitelzwei-logo-1920.png","width":1920,"height":402,"caption":"kapitelzwei"},"image":{"@id":"https:\/\/kapitelzwei-zeitschrift.de\/homepage\/#\/schema\/logo\/image\/"}}]}},"_links":{"self":[{"href":"https:\/\/kapitelzwei-zeitschrift.de\/homepage\/wp-json\/wp\/v2\/pages\/29","targetHints":{"allow":["GET"]}}],"collection":[{"href":"https:\/\/kapitelzwei-zeitschrift.de\/homepage\/wp-json\/wp\/v2\/pages"}],"about":[{"href":"https:\/\/kapitelzwei-zeitschrift.de\/homepage\/wp-json\/wp\/v2\/types\/page"}],"author":[{"embeddable":true,"href":"https:\/\/kapitelzwei-zeitschrift.de\/homepage\/wp-json\/wp\/v2\/users\/3"}],"replies":[{"embeddable":true,"href":"https:\/\/kapitelzwei-zeitschrift.de\/homepage\/wp-json\/wp\/v2\/comments?post=29"}],"version-history":[{"count":39,"href":"https:\/\/kapitelzwei-zeitschrift.de\/homepage\/wp-json\/wp\/v2\/pages\/29\/revisions"}],"predecessor-version":[{"id":460,"href":"https:\/\/kapitelzwei-zeitschrift.de\/homepage\/wp-json\/wp\/v2\/pages\/29\/revisions\/460"}],"wp:attachment":[{"href":"https:\/\/kapitelzwei-zeitschrift.de\/homepage\/wp-json\/wp\/v2\/media?parent=29"}],"curies":[{"name":"wp","href":"https:\/\/api.w.org\/{rel}","templated":true}]}}