{"id":202,"date":"2025-05-28T13:32:57","date_gmt":"2025-05-28T11:32:57","guid":{"rendered":"https:\/\/kapitelzwei-zeitschrift.de\/wordpress\/?page_id=202"},"modified":"2025-09-16T19:16:43","modified_gmt":"2025-09-16T17:16:43","slug":"impressum","status":"publish","type":"page","link":"https:\/\/kapitelzwei-zeitschrift.de\/homepage\/impressum\/","title":{"rendered":"Impressum"},"content":{"rendered":"\n<p><strong><em>Redaktionsadresse:<\/em><\/strong><br>kapitelzwei<br>c\/o Stefan Mettler<br>Mittlere Bergerheide 12<br>42113 Wuppertal<\/p>\n\n\n\n<p><a href=\"mailto:redaktion@kapitelzwei-zeitschrift.de\" target=\"_blank\" rel=\"noreferrer noopener\">redaktion(at)kapitelzwei-zeitschrift.de<\/a><br><a href=\"https:\/\/kapitelzwei-zeitschrift.de\" target=\"_blank\" rel=\"noreferrer noopener\">https:\/\/kapitelzwei-zeitschrift.de<\/a><br><a href=\"https:\/\/facebook.com\/kapitelzwei.zeitschrift\" target=\"_blank\" rel=\"noreferrer noopener\">https:\/\/facebook.com\/kapitelzwei.zeitschrift<\/a><br><a href=\"https:\/\/instagram.com\/kapitelzwei.zeitschrift\" target=\"_blank\" rel=\"noreferrer noopener\">https:\/\/instagram.com\/kapitelzwei.zeitschrift<\/a><br><a href=\"https:\/\/bsky.app\/profile\/kapitelzwei.bsky.social\" target=\"_blank\" rel=\"noreferrer noopener\">https:\/\/bsky.app\/profile\/kapitelzwei.bsky.social<\/a><\/p>\n\n\n\n<p><strong>Spenden<\/strong><br>Das Projekt ist nicht gewinnorientiert und finanziert sich zu einem gro\u00dfen Teil \u00fcber Spenden.<\/p>\n\n\n\n<p><strong><em>Bankverbindung:<\/em><\/strong><br>Kultur lebt e. V.<br>Vorsitzende Ingeborg Witzlau<br>Volksbank Vechta<br>IBAN: DE03 2806 4179 0227 4841 00<br>(Bitte &#8222;kapitelzwei&#8220; im Verwendungszweck nennen.)<br>Der Verein ist gemeinn\u00fctzig und stellt auf Wunsch eine Spendenbescheinigung aus.<\/p>\n\n\n\n<p>Kontakt und Angaben gem\u00e4\u00df \u00a75 TMG<br><em>kapitelzwei \u2013 Zeitschrift f\u00fcr neue Literatur<\/em><br>ISSN:\u00a0 3053-514X<br>Ein Projekt in Kooperation mit dem<br><em>Geest-Verlag<\/em> und <em>Kultur lebt e. V.<\/em><\/p>\n","protected":false},"excerpt":{"rendered":"<p>Redaktionsadresse:kapitelzweic\/o Stefan MettlerMittlere Bergerheide 1242113 Wuppertal redaktion(at)kapitelzwei-zeitschrift.dehttps:\/\/kapitelzwei-zeitschrift.dehttps:\/\/facebook.com\/kapitelzwei.zeitschrifthttps:\/\/instagram.com\/kapitelzwei.zeitschrifthttps:\/\/bsky.app\/profile\/kapitelzwei.bsky.social SpendenDas Projekt ist nicht gewinnorientiert und finanziert sich zu einem gro\u00dfen Teil \u00fcber Spenden. Bankverbindung:Kultur lebt e. V.Vorsitzende Ingeborg WitzlauVolksbank VechtaIBAN: DE03 2806 4179 0227 4841 00(Bitte &#8222;kapitelzwei&#8220; im Verwendungszweck nennen.)Der Verein ist gemeinn\u00fctzig und stellt auf Wunsch eine Spendenbescheinigung aus. Kontakt und Angaben gem\u00e4\u00df \u00a75 TMGkapitelzwei \u2013&#8230;<\/p>\n","protected":false},"author":3,"featured_media":0,"parent":0,"menu_order":0,"comment_status":"closed","ping_status":"closed","template":"","meta":{"footnotes":""},"class_list":["post-202","page","type-page","status-publish","hentry"],"yoast_head":"<!-- This site is optimized with the Yoast SEO plugin v27.3 - https:\/\/yoast.com\/product\/yoast-seo-wordpress\/ -->\n<title>Impressum - kapitelzwei<\/title>\n<meta name=\"description\" content=\"kapitelzwei ist eine literarische Jahresschrift, die aus dem Magazin neolith hervorgeht und als Kooperationsprojekt mit dem Geest-Verlag ...\" \/>\n<meta name=\"robots\" content=\"index, follow, max-snippet:-1, max-image-preview:large, max-video-preview:-1\" \/>\n<link rel=\"canonical\" href=\"https:\/\/kapitelzwei-zeitschrift.de\/homepage\/impressum\/\" \/>\n<meta property=\"og:locale\" content=\"de_DE\" \/>\n<meta property=\"og:type\" content=\"article\" \/>\n<meta property=\"og:title\" content=\"Impressum - kapitelzwei\" \/>\n<meta property=\"og:description\" content=\"kapitelzwei ist eine literarische Jahresschrift, die aus dem Magazin neolith hervorgeht und als Kooperationsprojekt mit dem Geest-Verlag ...\" \/>\n<meta property=\"og:url\" content=\"https:\/\/kapitelzwei-zeitschrift.de\/homepage\/impressum\/\" \/>\n<meta property=\"og:site_name\" content=\"kapitelzwei\" \/>\n<meta property=\"article:modified_time\" content=\"2025-09-16T17:16:43+00:00\" \/>\n<meta name=\"twitter:card\" content=\"summary_large_image\" \/>\n<meta name=\"twitter:label1\" content=\"Gesch\u00e4tzte Lesezeit\" \/>\n\t<meta name=\"twitter:data1\" content=\"1\u00a0Minute\" \/>\n<script type=\"application\/ld+json\" class=\"yoast-schema-graph\">{\"@context\":\"https:\\\/\\\/schema.org\",\"@graph\":[{\"@type\":\"WebPage\",\"@id\":\"https:\\\/\\\/kapitelzwei-zeitschrift.de\\\/homepage\\\/impressum\\\/\",\"url\":\"https:\\\/\\\/kapitelzwei-zeitschrift.de\\\/homepage\\\/impressum\\\/\",\"name\":\"Impressum - kapitelzwei\",\"isPartOf\":{\"@id\":\"https:\\\/\\\/kapitelzwei-zeitschrift.de\\\/homepage\\\/#website\"},\"datePublished\":\"2025-05-28T11:32:57+00:00\",\"dateModified\":\"2025-09-16T17:16:43+00:00\",\"description\":\"kapitelzwei ist eine literarische Jahresschrift, die aus dem Magazin neolith hervorgeht und als Kooperationsprojekt mit dem Geest-Verlag ...\",\"breadcrumb\":{\"@id\":\"https:\\\/\\\/kapitelzwei-zeitschrift.de\\\/homepage\\\/impressum\\\/#breadcrumb\"},\"inLanguage\":\"de\",\"potentialAction\":[{\"@type\":\"ReadAction\",\"target\":[\"https:\\\/\\\/kapitelzwei-zeitschrift.de\\\/homepage\\\/impressum\\\/\"]}]},{\"@type\":\"BreadcrumbList\",\"@id\":\"https:\\\/\\\/kapitelzwei-zeitschrift.de\\\/homepage\\\/impressum\\\/#breadcrumb\",\"itemListElement\":[{\"@type\":\"ListItem\",\"position\":1,\"name\":\"Startseite\",\"item\":\"https:\\\/\\\/kapitelzwei-zeitschrift.de\\\/homepage\\\/\"},{\"@type\":\"ListItem\",\"position\":2,\"name\":\"Impressum\"}]},{\"@type\":\"WebSite\",\"@id\":\"https:\\\/\\\/kapitelzwei-zeitschrift.de\\\/homepage\\\/#website\",\"url\":\"https:\\\/\\\/kapitelzwei-zeitschrift.de\\\/homepage\\\/\",\"name\":\"kapitelzwei\",\"description\":\"Zeitschrift f\u00fcr neue Literatur\",\"publisher\":{\"@id\":\"https:\\\/\\\/kapitelzwei-zeitschrift.de\\\/homepage\\\/#organization\"},\"potentialAction\":[{\"@type\":\"SearchAction\",\"target\":{\"@type\":\"EntryPoint\",\"urlTemplate\":\"https:\\\/\\\/kapitelzwei-zeitschrift.de\\\/homepage\\\/?s={search_term_string}\"},\"query-input\":{\"@type\":\"PropertyValueSpecification\",\"valueRequired\":true,\"valueName\":\"search_term_string\"}}],\"inLanguage\":\"de\"},{\"@type\":\"Organization\",\"@id\":\"https:\\\/\\\/kapitelzwei-zeitschrift.de\\\/homepage\\\/#organization\",\"name\":\"kapitelzwei\",\"url\":\"https:\\\/\\\/kapitelzwei-zeitschrift.de\\\/homepage\\\/\",\"logo\":{\"@type\":\"ImageObject\",\"inLanguage\":\"de\",\"@id\":\"https:\\\/\\\/kapitelzwei-zeitschrift.de\\\/homepage\\\/#\\\/schema\\\/logo\\\/image\\\/\",\"url\":\"https:\\\/\\\/kapitelzwei-zeitschrift.de\\\/homepage\\\/wp-content\\\/uploads\\\/2025\\\/05\\\/kapitelzwei-logo-1920.png\",\"contentUrl\":\"https:\\\/\\\/kapitelzwei-zeitschrift.de\\\/homepage\\\/wp-content\\\/uploads\\\/2025\\\/05\\\/kapitelzwei-logo-1920.png\",\"width\":1920,\"height\":402,\"caption\":\"kapitelzwei\"},\"image\":{\"@id\":\"https:\\\/\\\/kapitelzwei-zeitschrift.de\\\/homepage\\\/#\\\/schema\\\/logo\\\/image\\\/\"}}]}<\/script>\n<!-- \/ Yoast SEO plugin. -->","yoast_head_json":{"title":"Impressum - kapitelzwei","description":"kapitelzwei ist eine literarische Jahresschrift, die aus dem Magazin neolith hervorgeht und als Kooperationsprojekt mit dem Geest-Verlag ...","robots":{"index":"index","follow":"follow","max-snippet":"max-snippet:-1","max-image-preview":"max-image-preview:large","max-video-preview":"max-video-preview:-1"},"canonical":"https:\/\/kapitelzwei-zeitschrift.de\/homepage\/impressum\/","og_locale":"de_DE","og_type":"article","og_title":"Impressum - kapitelzwei","og_description":"kapitelzwei ist eine literarische Jahresschrift, die aus dem Magazin neolith hervorgeht und als Kooperationsprojekt mit dem Geest-Verlag ...","og_url":"https:\/\/kapitelzwei-zeitschrift.de\/homepage\/impressum\/","og_site_name":"kapitelzwei","article_modified_time":"2025-09-16T17:16:43+00:00","twitter_card":"summary_large_image","twitter_misc":{"Gesch\u00e4tzte Lesezeit":"1\u00a0Minute"},"schema":{"@context":"https:\/\/schema.org","@graph":[{"@type":"WebPage","@id":"https:\/\/kapitelzwei-zeitschrift.de\/homepage\/impressum\/","url":"https:\/\/kapitelzwei-zeitschrift.de\/homepage\/impressum\/","name":"Impressum - kapitelzwei","isPartOf":{"@id":"https:\/\/kapitelzwei-zeitschrift.de\/homepage\/#website"},"datePublished":"2025-05-28T11:32:57+00:00","dateModified":"2025-09-16T17:16:43+00:00","description":"kapitelzwei ist eine literarische Jahresschrift, die aus dem Magazin neolith hervorgeht und als Kooperationsprojekt mit dem Geest-Verlag ...","breadcrumb":{"@id":"https:\/\/kapitelzwei-zeitschrift.de\/homepage\/impressum\/#breadcrumb"},"inLanguage":"de","potentialAction":[{"@type":"ReadAction","target":["https:\/\/kapitelzwei-zeitschrift.de\/homepage\/impressum\/"]}]},{"@type":"BreadcrumbList","@id":"https:\/\/kapitelzwei-zeitschrift.de\/homepage\/impressum\/#breadcrumb","itemListElement":[{"@type":"ListItem","position":1,"name":"Startseite","item":"https:\/\/kapitelzwei-zeitschrift.de\/homepage\/"},{"@type":"ListItem","position":2,"name":"Impressum"}]},{"@type":"WebSite","@id":"https:\/\/kapitelzwei-zeitschrift.de\/homepage\/#website","url":"https:\/\/kapitelzwei-zeitschrift.de\/homepage\/","name":"kapitelzwei","description":"Zeitschrift f\u00fcr neue Literatur","publisher":{"@id":"https:\/\/kapitelzwei-zeitschrift.de\/homepage\/#organization"},"potentialAction":[{"@type":"SearchAction","target":{"@type":"EntryPoint","urlTemplate":"https:\/\/kapitelzwei-zeitschrift.de\/homepage\/?s={search_term_string}"},"query-input":{"@type":"PropertyValueSpecification","valueRequired":true,"valueName":"search_term_string"}}],"inLanguage":"de"},{"@type":"Organization","@id":"https:\/\/kapitelzwei-zeitschrift.de\/homepage\/#organization","name":"kapitelzwei","url":"https:\/\/kapitelzwei-zeitschrift.de\/homepage\/","logo":{"@type":"ImageObject","inLanguage":"de","@id":"https:\/\/kapitelzwei-zeitschrift.de\/homepage\/#\/schema\/logo\/image\/","url":"https:\/\/kapitelzwei-zeitschrift.de\/homepage\/wp-content\/uploads\/2025\/05\/kapitelzwei-logo-1920.png","contentUrl":"https:\/\/kapitelzwei-zeitschrift.de\/homepage\/wp-content\/uploads\/2025\/05\/kapitelzwei-logo-1920.png","width":1920,"height":402,"caption":"kapitelzwei"},"image":{"@id":"https:\/\/kapitelzwei-zeitschrift.de\/homepage\/#\/schema\/logo\/image\/"}}]}},"_links":{"self":[{"href":"https:\/\/kapitelzwei-zeitschrift.de\/homepage\/wp-json\/wp\/v2\/pages\/202","targetHints":{"allow":["GET"]}}],"collection":[{"href":"https:\/\/kapitelzwei-zeitschrift.de\/homepage\/wp-json\/wp\/v2\/pages"}],"about":[{"href":"https:\/\/kapitelzwei-zeitschrift.de\/homepage\/wp-json\/wp\/v2\/types\/page"}],"author":[{"embeddable":true,"href":"https:\/\/kapitelzwei-zeitschrift.de\/homepage\/wp-json\/wp\/v2\/users\/3"}],"replies":[{"embeddable":true,"href":"https:\/\/kapitelzwei-zeitschrift.de\/homepage\/wp-json\/wp\/v2\/comments?post=202"}],"version-history":[{"count":11,"href":"https:\/\/kapitelzwei-zeitschrift.de\/homepage\/wp-json\/wp\/v2\/pages\/202\/revisions"}],"predecessor-version":[{"id":480,"href":"https:\/\/kapitelzwei-zeitschrift.de\/homepage\/wp-json\/wp\/v2\/pages\/202\/revisions\/480"}],"wp:attachment":[{"href":"https:\/\/kapitelzwei-zeitschrift.de\/homepage\/wp-json\/wp\/v2\/media?parent=202"}],"curies":[{"name":"wp","href":"https:\/\/api.w.org\/{rel}","templated":true}]}}