{"id":105,"date":"2025-05-20T16:27:07","date_gmt":"2025-05-20T14:27:07","guid":{"rendered":"https:\/\/kapitel2-zeitschrift.ddnss.de\/wordpress\/?page_id=105"},"modified":"2025-06-09T15:49:02","modified_gmt":"2025-06-09T13:49:02","slug":"redaktionsteam","status":"publish","type":"page","link":"https:\/\/kapitelzwei-zeitschrift.de\/homepage\/redaktionsteam\/","title":{"rendered":"Redaktionsteam"},"content":{"rendered":"\n<hr class=\"wp-block-separator has-alpha-channel-opacity\"\/>\n\n\n<div class=\"wp-block-image\">\n<figure class=\"alignleft size-full is-resized\"><img loading=\"lazy\" decoding=\"async\" width=\"1707\" height=\"2560\" src=\"https:\/\/kapitelzwei-zeitschrift.de\/wordpress\/wp-content\/uploads\/2025\/05\/IJ_01-min-scaled.jpg\" alt=\"\" class=\"wp-image-173\" style=\"width:250px\" srcset=\"https:\/\/kapitelzwei-zeitschrift.de\/homepage\/wp-content\/uploads\/2025\/05\/IJ_01-min-scaled.jpg 1707w, https:\/\/kapitelzwei-zeitschrift.de\/homepage\/wp-content\/uploads\/2025\/05\/IJ_01-min-200x300.jpg 200w, https:\/\/kapitelzwei-zeitschrift.de\/homepage\/wp-content\/uploads\/2025\/05\/IJ_01-min-683x1024.jpg 683w, https:\/\/kapitelzwei-zeitschrift.de\/homepage\/wp-content\/uploads\/2025\/05\/IJ_01-min-768x1152.jpg 768w, https:\/\/kapitelzwei-zeitschrift.de\/homepage\/wp-content\/uploads\/2025\/05\/IJ_01-min-1024x1536.jpg 1024w, https:\/\/kapitelzwei-zeitschrift.de\/homepage\/wp-content\/uploads\/2025\/05\/IJ_01-min-1365x2048.jpg 1365w, https:\/\/kapitelzwei-zeitschrift.de\/homepage\/wp-content\/uploads\/2025\/05\/IJ_01-min-300x450.jpg 300w, https:\/\/kapitelzwei-zeitschrift.de\/homepage\/wp-content\/uploads\/2025\/05\/IJ_01-min-850x1275.jpg 850w\" sizes=\"auto, (max-width: 1707px) 100vw, 1707px\" \/><\/figure>\n<\/div>\n\n\n<p><strong>I. J. Melodia<\/strong>, geboren in Padua (Italien), lebt in Freiburg (Breisgau), Magister Artium der Sinologie und Geschichte. Vorsitzender des Lyrikvereins <em>Vers &amp; Vielfalt e. V.<\/em> und des Kulturvereins <em>KeinVerlag e. V.<\/em> Regelm\u00e4\u00dfige Lesungen sowie Ver\u00f6ffentlichungen in Zeitschriften und Anthologien. Diverse Shortlists und Finalteilnahmen bei Literaturwettbewerben. Redaktionsmitglied der Literaturzeitschriften <em>kapitelzwei <\/em>und <em>16 Seiten<\/em>, ehemals auch bei der <em>neolith<\/em>. Auf Einladung mehrfacher Mitherausgeber des <em>Dichtungsring<\/em> sowie Co-Host des YouTube-Kanals <em>16 Minuten<\/em>. Mitorganisator des <em>Zusammen\/Kunst<\/em>-Kulturfestivals und dessen digitalen Ablegers, dem <em>Kein\/Kalender<\/em>. Der erste Lyrikband &#8222;Polarit\u00e4ten&#8220; ist 2024 im Geest-Verlag erschienen. Mehr unter: <a href=\"https:\/\/www.ijmelodia.com\/\" target=\"_blank\" rel=\"noreferrer noopener\">ijmelodia.com<\/a>.<br><br><br><br><\/p>\n\n\n\n<hr class=\"wp-block-separator has-alpha-channel-opacity\"\/>\n\n\n<div class=\"wp-block-image\">\n<figure class=\"alignleft size-full is-resized\"><img loading=\"lazy\" decoding=\"async\" width=\"1707\" height=\"2560\" src=\"https:\/\/kapitelzwei-zeitschrift.de\/wordpress\/wp-content\/uploads\/2025\/05\/Stefan_01-min-scaled.jpg\" alt=\"\" class=\"wp-image-154\" style=\"width:250px\" srcset=\"https:\/\/kapitelzwei-zeitschrift.de\/homepage\/wp-content\/uploads\/2025\/05\/Stefan_01-min-scaled.jpg 1707w, https:\/\/kapitelzwei-zeitschrift.de\/homepage\/wp-content\/uploads\/2025\/05\/Stefan_01-min-200x300.jpg 200w, https:\/\/kapitelzwei-zeitschrift.de\/homepage\/wp-content\/uploads\/2025\/05\/Stefan_01-min-683x1024.jpg 683w, https:\/\/kapitelzwei-zeitschrift.de\/homepage\/wp-content\/uploads\/2025\/05\/Stefan_01-min-768x1152.jpg 768w, https:\/\/kapitelzwei-zeitschrift.de\/homepage\/wp-content\/uploads\/2025\/05\/Stefan_01-min-1024x1536.jpg 1024w, https:\/\/kapitelzwei-zeitschrift.de\/homepage\/wp-content\/uploads\/2025\/05\/Stefan_01-min-1365x2048.jpg 1365w, https:\/\/kapitelzwei-zeitschrift.de\/homepage\/wp-content\/uploads\/2025\/05\/Stefan_01-min-300x450.jpg 300w, https:\/\/kapitelzwei-zeitschrift.de\/homepage\/wp-content\/uploads\/2025\/05\/Stefan_01-min-850x1275.jpg 850w\" sizes=\"auto, (max-width: 1707px) 100vw, 1707px\" \/><\/figure>\n<\/div>\n\n\n<p><strong>Stefan Mettler<\/strong>, geboren 1974 in Hannover. Studium der Theater-, Film- und Fernsehwissenschaften, Germanistik und Philosophie in K\u00f6ln und Wuppertal. Lehrer an einem Gymnasium im Raum Wuppertal. Leitung von Schreibwerkst\u00e4tten. Mitglied verschiedener Literaturgruppen und Auftritte im Raum Wuppertal. Ver\u00f6ffentlichung von Prosa in unterschiedlichen Literaturzeitschriften und Anthologien. Ehemaliges Redaktionsmitglied bei der Literaturzeitschrift <em>neolith<\/em>.<\/p>\n\n\n\n<p><br><br><br><br><br><br><br><\/p>\n\n\n\n<hr class=\"wp-block-separator has-alpha-channel-opacity\"\/>\n\n\n<div class=\"wp-block-image\">\n<figure class=\"alignleft size-large is-resized\"><img loading=\"lazy\" decoding=\"async\" width=\"683\" height=\"1024\" src=\"https:\/\/kapitelzwei-zeitschrift.de\/wordpress\/wp-content\/uploads\/2025\/05\/Marny-min-683x1024.jpg\" alt=\"\" class=\"wp-image-257\" style=\"width:247px;height:auto\" srcset=\"https:\/\/kapitelzwei-zeitschrift.de\/homepage\/wp-content\/uploads\/2025\/05\/Marny-min-683x1024.jpg 683w, https:\/\/kapitelzwei-zeitschrift.de\/homepage\/wp-content\/uploads\/2025\/05\/Marny-min-200x300.jpg 200w, https:\/\/kapitelzwei-zeitschrift.de\/homepage\/wp-content\/uploads\/2025\/05\/Marny-min-768x1152.jpg 768w, https:\/\/kapitelzwei-zeitschrift.de\/homepage\/wp-content\/uploads\/2025\/05\/Marny-min-1024x1536.jpg 1024w, https:\/\/kapitelzwei-zeitschrift.de\/homepage\/wp-content\/uploads\/2025\/05\/Marny-min-1365x2048.jpg 1365w, https:\/\/kapitelzwei-zeitschrift.de\/homepage\/wp-content\/uploads\/2025\/05\/Marny-min-300x450.jpg 300w, https:\/\/kapitelzwei-zeitschrift.de\/homepage\/wp-content\/uploads\/2025\/05\/Marny-min-850x1275.jpg 850w, https:\/\/kapitelzwei-zeitschrift.de\/homepage\/wp-content\/uploads\/2025\/05\/Marny-min-scaled.jpg 1707w\" sizes=\"auto, (max-width: 683px) 100vw, 683px\" \/><\/figure>\n<\/div>\n\n\n<p><strong>Marny M\u00fcnnich<\/strong>, M. Sc., ist Psychologische Psychotherapeutin mit dem Schwerpunkt Verhaltenstherapie. Sie ist Wissenschaftliche Mitarbeiterin am Lehrstuhl Klinische Psychologie und Psychotherapie an der Bergischen Universit\u00e4t Wuppertal und Autorin im Beltz-Verlag f\u00fcr den Bereich Praxisorientierte Fachliteratur, Therapietools und Therapiekarten. Sie war Redaktionsmitglied der Literaturzeitschrift <em>neolith <\/em>der Bergischen Universit\u00e4t Wuppertal. In ihrer Freizeit schreibt sie Lyrik und Prosa mit unterschiedlichen Ver\u00f6ffentlichungen in verschiedenen Verlagen und Medien.<br><br><br><br><br><br><\/p>\n\n\n\n<hr class=\"wp-block-separator has-alpha-channel-opacity\"\/>\n\n\n<div class=\"wp-block-image\">\n<figure class=\"alignleft size-large is-resized\"><img loading=\"lazy\" decoding=\"async\" width=\"683\" height=\"1024\" src=\"https:\/\/kapitelzwei-zeitschrift.de\/wordpress\/wp-content\/uploads\/2025\/05\/Erik_01-min-683x1024.jpg\" alt=\"\" class=\"wp-image-156\" style=\"width:250px\" srcset=\"https:\/\/kapitelzwei-zeitschrift.de\/homepage\/wp-content\/uploads\/2025\/05\/Erik_01-min-683x1024.jpg 683w, https:\/\/kapitelzwei-zeitschrift.de\/homepage\/wp-content\/uploads\/2025\/05\/Erik_01-min-200x300.jpg 200w, https:\/\/kapitelzwei-zeitschrift.de\/homepage\/wp-content\/uploads\/2025\/05\/Erik_01-min-768x1152.jpg 768w, https:\/\/kapitelzwei-zeitschrift.de\/homepage\/wp-content\/uploads\/2025\/05\/Erik_01-min-1024x1536.jpg 1024w, https:\/\/kapitelzwei-zeitschrift.de\/homepage\/wp-content\/uploads\/2025\/05\/Erik_01-min-1365x2048.jpg 1365w, https:\/\/kapitelzwei-zeitschrift.de\/homepage\/wp-content\/uploads\/2025\/05\/Erik_01-min-300x450.jpg 300w, https:\/\/kapitelzwei-zeitschrift.de\/homepage\/wp-content\/uploads\/2025\/05\/Erik_01-min-850x1275.jpg 850w, https:\/\/kapitelzwei-zeitschrift.de\/homepage\/wp-content\/uploads\/2025\/05\/Erik_01-min-scaled.jpg 1707w\" sizes=\"auto, (max-width: 683px) 100vw, 683px\" \/><\/figure>\n<\/div>\n\n\n<p><strong>Erik Pagel<\/strong> hat an der FH K\u00f6ln, Abteilung Gummersbach, Technische Informatik studiert. Er war selbst\u00e4ndig und hat unter anderem Projekte f\u00fcr RTL Television GmbH durchgef\u00fchrt. Dar\u00fcber hinaus war er an der Entwicklung von Steuerger\u00e4ten f\u00fcr Automobile beteiligt und in der Modem-Entwicklung t\u00e4tig. F\u00fcr die Wuppertaler Literaturzeitschrift <em>neolith <\/em>hat er die Einreichsoftware entwickelt, wodurch die Juryarbeit erheblich vereinfacht wird. Zudem hat er am Satz mitgewirkt und war f\u00fcr die Gestaltung des Covers zust\u00e4ndig. Er stellt die technische Infrastruktur bereit und k\u00fcmmert sich um die Administration.<br><br><br><br><br><br><br><\/p>\n\n\n\n<hr class=\"wp-block-separator has-alpha-channel-opacity\"\/>\n\n\n<div class=\"wp-block-image\">\n<figure class=\"alignleft size-large is-resized\"><img loading=\"lazy\" decoding=\"async\" width=\"683\" height=\"1024\" src=\"https:\/\/kapitel2-zeitschrift.ddnss.de\/wordpress\/wp-content\/uploads\/2025\/05\/Foto_Sigune_Schnabel-683x1024.jpg\" alt=\"\" class=\"wp-image-112\" style=\"width:250px\" srcset=\"https:\/\/kapitelzwei-zeitschrift.de\/homepage\/wp-content\/uploads\/2025\/05\/Foto_Sigune_Schnabel-683x1024.jpg 683w, https:\/\/kapitelzwei-zeitschrift.de\/homepage\/wp-content\/uploads\/2025\/05\/Foto_Sigune_Schnabel-200x300.jpg 200w, https:\/\/kapitelzwei-zeitschrift.de\/homepage\/wp-content\/uploads\/2025\/05\/Foto_Sigune_Schnabel-768x1152.jpg 768w, https:\/\/kapitelzwei-zeitschrift.de\/homepage\/wp-content\/uploads\/2025\/05\/Foto_Sigune_Schnabel-1024x1536.jpg 1024w, https:\/\/kapitelzwei-zeitschrift.de\/homepage\/wp-content\/uploads\/2025\/05\/Foto_Sigune_Schnabel-1365x2048.jpg 1365w, https:\/\/kapitelzwei-zeitschrift.de\/homepage\/wp-content\/uploads\/2025\/05\/Foto_Sigune_Schnabel-scaled.jpg 1707w\" sizes=\"auto, (max-width: 683px) 100vw, 683px\" \/><\/figure>\n<\/div>\n\n\n<p><strong>Sigune Schnabel<\/strong> hat in D\u00fcsseldorf Literatur\u00fcbersetzen studiert. Sie war Mitglied mehrerer Redaktionsteams von Literaturzeitschriften, darunter <em>neolith <\/em>und <em>Dichtungsring<\/em>, und engagierte sich in verschiedenen Literaturjurys, unter anderem f\u00fcr den Vechtaer Jugendliteraturpreis, den Ulrich-Grasnick-Lyrikpreis und <em>Lyrik in K\u00f6ln<\/em>. Ihr eigenes poetisches Schaffen wurde vielfach ausgezeichnet, unter anderem mit dem Wiener Werkstattpreis 2022. 2023 erhielt sie Arbeitsstipendien der Kunststiftung NRW sowie des Ministeriums f\u00fcr Kultur und Wissenschaft des Landes Nordrhein-Westfalen. Sie hat vier Lyrikb\u00e4nde ver\u00f6ffentlicht, zuletzt &#8222;Die Zeit hat ihre Farbe verloren&#8220; (Geest-Verlag, 2023). Mehr unter <a href=\"https:\/\/www.sigune-schnabel.de\/\" target=\"_blank\" rel=\"noreferrer noopener\">sigune-schnabel.de<\/a>.<br><br><br><br><br><\/p>\n\n\n\n<hr class=\"wp-block-separator has-alpha-channel-opacity\"\/>\n","protected":false},"excerpt":{"rendered":"<p>I. J. Melodia, geboren in Padua (Italien), lebt in Freiburg (Breisgau), Magister Artium der Sinologie und Geschichte. Vorsitzender des Lyrikvereins Vers &amp; Vielfalt e. V. und des Kulturvereins KeinVerlag e. V. Regelm\u00e4\u00dfige Lesungen sowie Ver\u00f6ffentlichungen in Zeitschriften und Anthologien. Diverse Shortlists und Finalteilnahmen bei Literaturwettbewerben. Redaktionsmitglied der Literaturzeitschriften kapitelzwei und 16 Seiten, ehemals auch bei&#8230;<\/p>\n","protected":false},"author":3,"featured_media":0,"parent":0,"menu_order":0,"comment_status":"closed","ping_status":"closed","template":"","meta":{"footnotes":""},"class_list":["post-105","page","type-page","status-publish","hentry"],"yoast_head":"<!-- This site is optimized with the Yoast SEO plugin v27.3 - https:\/\/yoast.com\/product\/yoast-seo-wordpress\/ -->\n<title>Redaktionsteam - kapitelzwei<\/title>\n<meta name=\"robots\" content=\"index, follow, max-snippet:-1, max-image-preview:large, max-video-preview:-1\" \/>\n<link rel=\"canonical\" href=\"https:\/\/kapitelzwei-zeitschrift.de\/homepage\/redaktionsteam\/\" \/>\n<meta property=\"og:locale\" content=\"de_DE\" \/>\n<meta property=\"og:type\" content=\"article\" \/>\n<meta property=\"og:title\" content=\"Redaktionsteam - kapitelzwei\" \/>\n<meta property=\"og:description\" content=\"I. J. Melodia, geboren in Padua (Italien), lebt in Freiburg (Breisgau), Magister Artium der Sinologie und Geschichte. Vorsitzender des Lyrikvereins Vers &amp; Vielfalt e. V. und des Kulturvereins KeinVerlag e. V. Regelm\u00e4\u00dfige Lesungen sowie Ver\u00f6ffentlichungen in Zeitschriften und Anthologien. Diverse Shortlists und Finalteilnahmen bei Literaturwettbewerben. Redaktionsmitglied der Literaturzeitschriften kapitelzwei und 16 Seiten, ehemals auch bei...\" \/>\n<meta property=\"og:url\" content=\"https:\/\/kapitelzwei-zeitschrift.de\/homepage\/redaktionsteam\/\" \/>\n<meta property=\"og:site_name\" content=\"kapitelzwei\" \/>\n<meta property=\"article:modified_time\" content=\"2025-06-09T13:49:02+00:00\" \/>\n<meta property=\"og:image\" content=\"https:\/\/kapitelzwei-zeitschrift.de\/homepage\/wp-content\/uploads\/2025\/05\/IJ_01-min-scaled.jpg\" \/>\n\t<meta property=\"og:image:width\" content=\"1707\" \/>\n\t<meta property=\"og:image:height\" content=\"2560\" \/>\n\t<meta property=\"og:image:type\" content=\"image\/jpeg\" \/>\n<meta name=\"twitter:card\" content=\"summary_large_image\" \/>\n<meta name=\"twitter:label1\" content=\"Gesch\u00e4tzte Lesezeit\" \/>\n\t<meta name=\"twitter:data1\" content=\"4\u00a0Minuten\" \/>\n<script type=\"application\/ld+json\" class=\"yoast-schema-graph\">{\"@context\":\"https:\\\/\\\/schema.org\",\"@graph\":[{\"@type\":\"WebPage\",\"@id\":\"https:\\\/\\\/kapitelzwei-zeitschrift.de\\\/homepage\\\/redaktionsteam\\\/\",\"url\":\"https:\\\/\\\/kapitelzwei-zeitschrift.de\\\/homepage\\\/redaktionsteam\\\/\",\"name\":\"Redaktionsteam - kapitelzwei\",\"isPartOf\":{\"@id\":\"https:\\\/\\\/kapitelzwei-zeitschrift.de\\\/homepage\\\/#website\"},\"primaryImageOfPage\":{\"@id\":\"https:\\\/\\\/kapitelzwei-zeitschrift.de\\\/homepage\\\/redaktionsteam\\\/#primaryimage\"},\"image\":{\"@id\":\"https:\\\/\\\/kapitelzwei-zeitschrift.de\\\/homepage\\\/redaktionsteam\\\/#primaryimage\"},\"thumbnailUrl\":\"https:\\\/\\\/kapitelzwei-zeitschrift.de\\\/wordpress\\\/wp-content\\\/uploads\\\/2025\\\/05\\\/IJ_01-min-scaled.jpg\",\"datePublished\":\"2025-05-20T14:27:07+00:00\",\"dateModified\":\"2025-06-09T13:49:02+00:00\",\"breadcrumb\":{\"@id\":\"https:\\\/\\\/kapitelzwei-zeitschrift.de\\\/homepage\\\/redaktionsteam\\\/#breadcrumb\"},\"inLanguage\":\"de\",\"potentialAction\":[{\"@type\":\"ReadAction\",\"target\":[\"https:\\\/\\\/kapitelzwei-zeitschrift.de\\\/homepage\\\/redaktionsteam\\\/\"]}]},{\"@type\":\"ImageObject\",\"inLanguage\":\"de\",\"@id\":\"https:\\\/\\\/kapitelzwei-zeitschrift.de\\\/homepage\\\/redaktionsteam\\\/#primaryimage\",\"url\":\"https:\\\/\\\/kapitelzwei-zeitschrift.de\\\/wordpress\\\/wp-content\\\/uploads\\\/2025\\\/05\\\/IJ_01-min-scaled.jpg\",\"contentUrl\":\"https:\\\/\\\/kapitelzwei-zeitschrift.de\\\/wordpress\\\/wp-content\\\/uploads\\\/2025\\\/05\\\/IJ_01-min-scaled.jpg\"},{\"@type\":\"BreadcrumbList\",\"@id\":\"https:\\\/\\\/kapitelzwei-zeitschrift.de\\\/homepage\\\/redaktionsteam\\\/#breadcrumb\",\"itemListElement\":[{\"@type\":\"ListItem\",\"position\":1,\"name\":\"Startseite\",\"item\":\"https:\\\/\\\/kapitelzwei-zeitschrift.de\\\/homepage\\\/\"},{\"@type\":\"ListItem\",\"position\":2,\"name\":\"Redaktionsteam\"}]},{\"@type\":\"WebSite\",\"@id\":\"https:\\\/\\\/kapitelzwei-zeitschrift.de\\\/homepage\\\/#website\",\"url\":\"https:\\\/\\\/kapitelzwei-zeitschrift.de\\\/homepage\\\/\",\"name\":\"kapitelzwei\",\"description\":\"Zeitschrift f\u00fcr neue Literatur\",\"publisher\":{\"@id\":\"https:\\\/\\\/kapitelzwei-zeitschrift.de\\\/homepage\\\/#organization\"},\"potentialAction\":[{\"@type\":\"SearchAction\",\"target\":{\"@type\":\"EntryPoint\",\"urlTemplate\":\"https:\\\/\\\/kapitelzwei-zeitschrift.de\\\/homepage\\\/?s={search_term_string}\"},\"query-input\":{\"@type\":\"PropertyValueSpecification\",\"valueRequired\":true,\"valueName\":\"search_term_string\"}}],\"inLanguage\":\"de\"},{\"@type\":\"Organization\",\"@id\":\"https:\\\/\\\/kapitelzwei-zeitschrift.de\\\/homepage\\\/#organization\",\"name\":\"kapitelzwei\",\"url\":\"https:\\\/\\\/kapitelzwei-zeitschrift.de\\\/homepage\\\/\",\"logo\":{\"@type\":\"ImageObject\",\"inLanguage\":\"de\",\"@id\":\"https:\\\/\\\/kapitelzwei-zeitschrift.de\\\/homepage\\\/#\\\/schema\\\/logo\\\/image\\\/\",\"url\":\"https:\\\/\\\/kapitelzwei-zeitschrift.de\\\/homepage\\\/wp-content\\\/uploads\\\/2025\\\/05\\\/kapitelzwei-logo-1920.png\",\"contentUrl\":\"https:\\\/\\\/kapitelzwei-zeitschrift.de\\\/homepage\\\/wp-content\\\/uploads\\\/2025\\\/05\\\/kapitelzwei-logo-1920.png\",\"width\":1920,\"height\":402,\"caption\":\"kapitelzwei\"},\"image\":{\"@id\":\"https:\\\/\\\/kapitelzwei-zeitschrift.de\\\/homepage\\\/#\\\/schema\\\/logo\\\/image\\\/\"}}]}<\/script>\n<!-- \/ Yoast SEO plugin. -->","yoast_head_json":{"title":"Redaktionsteam - kapitelzwei","robots":{"index":"index","follow":"follow","max-snippet":"max-snippet:-1","max-image-preview":"max-image-preview:large","max-video-preview":"max-video-preview:-1"},"canonical":"https:\/\/kapitelzwei-zeitschrift.de\/homepage\/redaktionsteam\/","og_locale":"de_DE","og_type":"article","og_title":"Redaktionsteam - kapitelzwei","og_description":"I. J. Melodia, geboren in Padua (Italien), lebt in Freiburg (Breisgau), Magister Artium der Sinologie und Geschichte. Vorsitzender des Lyrikvereins Vers &amp; Vielfalt e. V. und des Kulturvereins KeinVerlag e. V. Regelm\u00e4\u00dfige Lesungen sowie Ver\u00f6ffentlichungen in Zeitschriften und Anthologien. Diverse Shortlists und Finalteilnahmen bei Literaturwettbewerben. Redaktionsmitglied der Literaturzeitschriften kapitelzwei und 16 Seiten, ehemals auch bei...","og_url":"https:\/\/kapitelzwei-zeitschrift.de\/homepage\/redaktionsteam\/","og_site_name":"kapitelzwei","article_modified_time":"2025-06-09T13:49:02+00:00","og_image":[{"width":1707,"height":2560,"url":"https:\/\/kapitelzwei-zeitschrift.de\/homepage\/wp-content\/uploads\/2025\/05\/IJ_01-min-scaled.jpg","type":"image\/jpeg"}],"twitter_card":"summary_large_image","twitter_misc":{"Gesch\u00e4tzte Lesezeit":"4\u00a0Minuten"},"schema":{"@context":"https:\/\/schema.org","@graph":[{"@type":"WebPage","@id":"https:\/\/kapitelzwei-zeitschrift.de\/homepage\/redaktionsteam\/","url":"https:\/\/kapitelzwei-zeitschrift.de\/homepage\/redaktionsteam\/","name":"Redaktionsteam - kapitelzwei","isPartOf":{"@id":"https:\/\/kapitelzwei-zeitschrift.de\/homepage\/#website"},"primaryImageOfPage":{"@id":"https:\/\/kapitelzwei-zeitschrift.de\/homepage\/redaktionsteam\/#primaryimage"},"image":{"@id":"https:\/\/kapitelzwei-zeitschrift.de\/homepage\/redaktionsteam\/#primaryimage"},"thumbnailUrl":"https:\/\/kapitelzwei-zeitschrift.de\/wordpress\/wp-content\/uploads\/2025\/05\/IJ_01-min-scaled.jpg","datePublished":"2025-05-20T14:27:07+00:00","dateModified":"2025-06-09T13:49:02+00:00","breadcrumb":{"@id":"https:\/\/kapitelzwei-zeitschrift.de\/homepage\/redaktionsteam\/#breadcrumb"},"inLanguage":"de","potentialAction":[{"@type":"ReadAction","target":["https:\/\/kapitelzwei-zeitschrift.de\/homepage\/redaktionsteam\/"]}]},{"@type":"ImageObject","inLanguage":"de","@id":"https:\/\/kapitelzwei-zeitschrift.de\/homepage\/redaktionsteam\/#primaryimage","url":"https:\/\/kapitelzwei-zeitschrift.de\/wordpress\/wp-content\/uploads\/2025\/05\/IJ_01-min-scaled.jpg","contentUrl":"https:\/\/kapitelzwei-zeitschrift.de\/wordpress\/wp-content\/uploads\/2025\/05\/IJ_01-min-scaled.jpg"},{"@type":"BreadcrumbList","@id":"https:\/\/kapitelzwei-zeitschrift.de\/homepage\/redaktionsteam\/#breadcrumb","itemListElement":[{"@type":"ListItem","position":1,"name":"Startseite","item":"https:\/\/kapitelzwei-zeitschrift.de\/homepage\/"},{"@type":"ListItem","position":2,"name":"Redaktionsteam"}]},{"@type":"WebSite","@id":"https:\/\/kapitelzwei-zeitschrift.de\/homepage\/#website","url":"https:\/\/kapitelzwei-zeitschrift.de\/homepage\/","name":"kapitelzwei","description":"Zeitschrift f\u00fcr neue Literatur","publisher":{"@id":"https:\/\/kapitelzwei-zeitschrift.de\/homepage\/#organization"},"potentialAction":[{"@type":"SearchAction","target":{"@type":"EntryPoint","urlTemplate":"https:\/\/kapitelzwei-zeitschrift.de\/homepage\/?s={search_term_string}"},"query-input":{"@type":"PropertyValueSpecification","valueRequired":true,"valueName":"search_term_string"}}],"inLanguage":"de"},{"@type":"Organization","@id":"https:\/\/kapitelzwei-zeitschrift.de\/homepage\/#organization","name":"kapitelzwei","url":"https:\/\/kapitelzwei-zeitschrift.de\/homepage\/","logo":{"@type":"ImageObject","inLanguage":"de","@id":"https:\/\/kapitelzwei-zeitschrift.de\/homepage\/#\/schema\/logo\/image\/","url":"https:\/\/kapitelzwei-zeitschrift.de\/homepage\/wp-content\/uploads\/2025\/05\/kapitelzwei-logo-1920.png","contentUrl":"https:\/\/kapitelzwei-zeitschrift.de\/homepage\/wp-content\/uploads\/2025\/05\/kapitelzwei-logo-1920.png","width":1920,"height":402,"caption":"kapitelzwei"},"image":{"@id":"https:\/\/kapitelzwei-zeitschrift.de\/homepage\/#\/schema\/logo\/image\/"}}]}},"_links":{"self":[{"href":"https:\/\/kapitelzwei-zeitschrift.de\/homepage\/wp-json\/wp\/v2\/pages\/105","targetHints":{"allow":["GET"]}}],"collection":[{"href":"https:\/\/kapitelzwei-zeitschrift.de\/homepage\/wp-json\/wp\/v2\/pages"}],"about":[{"href":"https:\/\/kapitelzwei-zeitschrift.de\/homepage\/wp-json\/wp\/v2\/types\/page"}],"author":[{"embeddable":true,"href":"https:\/\/kapitelzwei-zeitschrift.de\/homepage\/wp-json\/wp\/v2\/users\/3"}],"replies":[{"embeddable":true,"href":"https:\/\/kapitelzwei-zeitschrift.de\/homepage\/wp-json\/wp\/v2\/comments?post=105"}],"version-history":[{"count":26,"href":"https:\/\/kapitelzwei-zeitschrift.de\/homepage\/wp-json\/wp\/v2\/pages\/105\/revisions"}],"predecessor-version":[{"id":430,"href":"https:\/\/kapitelzwei-zeitschrift.de\/homepage\/wp-json\/wp\/v2\/pages\/105\/revisions\/430"}],"wp:attachment":[{"href":"https:\/\/kapitelzwei-zeitschrift.de\/homepage\/wp-json\/wp\/v2\/media?parent=105"}],"curies":[{"name":"wp","href":"https:\/\/api.w.org\/{rel}","templated":true}]}}